{"id":1248,"date":"2019-09-28T20:08:31","date_gmt":"2019-09-28T18:08:31","guid":{"rendered":"http:\/\/kostebrau.de\/?page_id=1248"},"modified":"2024-01-30T23:14:00","modified_gmt":"2024-01-30T22:14:00","slug":"fussballverein","status":"publish","type":"page","link":"http:\/\/kostebrau.de\/?page_id=1248","title":{"rendered":"Fussballverein"},"content":{"rendered":"&nbsp;\r\n\r\n<strong><span style=\"color: #008080; font-size: 16px;\">    Aktueller Hinweis\u00a0\u00a0\u00a0\u00a0 &#8212;&#8212;&gt;\u00a0\u00a0\u00a0\u00a0 Start unseres Online-Shops <\/span><\/strong>\r\n<div style=\"width: 500px; padding: 5px; border: 1px solid #f9f1bb;\"><span style=\"font-size: 15px; font-family: Times New Roman;\">Endlich ist es soweit! Ab sofort verf\u00fcgt unser Verein \u00fcber einen Onlinefanshop, wo Mitglieder und Fans sich mit Fanartikeln und Sportbekleidung ausstatten k\u00f6nnen. Bis zum 24.01.2021 genie\u00dfen alle Mitglieder und Fans bei Eingabe des folgenden Gutscheincodes ein Er\u00f6ffnungsrabatt von 15% auf den Gesamtbetrag. Dazu einfach bei der Bestellung den Gutscheincode &#8222;start15-9221&#8220; eingeben. \r\n(Gutscheine sind von der Rabattierung ausgeschlossen)\r\n<\/span><\/div>\r\n\r\n<div><a href=\"https:\/\/tsg-rw-kostebrau.fan12.de\"><img loading=\"lazy\" decoding=\"async\" class=\"alignnone\" style=\"margin: 5px;\" src=\"http:\/\/kostebrau.de\/wp-content\/uploads\/2021\/01\/teaser-website.jpg\" alt=\"\" width=\"300\" height=\"150\" \/><\/a><\/div>\r\n&nbsp;\r\n\r\n\r\n\r\n<pre class=\"wp-block-preformatted\">\r\n\r\n<strong><span style=\"color: #008080; font-size: 16px;\">Sektionsleiter Fu\u00dfball<\/span><\/strong>\r\n<img loading=\"lazy\" decoding=\"async\" align=\"left\" src=\"http:\/\/kostebrau.de\/wp-content\/uploads\/2021\/01\/Sektionsleiter-Fussball.jpg\" alt=\"\" width=\"316\" height=\"421\" \/>\r\n\r\n&nbsp;\r\n&nbsp;\r\n&nbsp;\r\n\r\n<\/pre>\r\n\r\n\r\n\r\n<pre class=\"wp-block-preformatted\">\r\n\r\n<strong><span style=\"color: #008080; font-size: 16px;\">Mannschaftsbild Fu\u00dfball<\/span><\/strong>\r\n<img loading=\"lazy\" decoding=\"async\" class=\"alignnone size-full wp-image-2459\" src=\"http:\/\/kostebrau.de\/wp-content\/uploads\/2021\/01\/Mannschaftsbild.jpg\" alt=\"\" width=\"1466\" height=\"1093\" srcset=\"http:\/\/kostebrau.de\/wp-content\/uploads\/2021\/01\/Mannschaftsbild.jpg 1466w, http:\/\/kostebrau.de\/wp-content\/uploads\/2021\/01\/Mannschaftsbild-300x224.jpg 300w, http:\/\/kostebrau.de\/wp-content\/uploads\/2021\/01\/Mannschaftsbild-1024x763.jpg 1024w, http:\/\/kostebrau.de\/wp-content\/uploads\/2021\/01\/Mannschaftsbild-768x573.jpg 768w, http:\/\/kostebrau.de\/wp-content\/uploads\/2021\/01\/Mannschaftsbild-624x465.jpg 624w\" sizes=\"auto, (max-width: 1466px) 100vw, 1466px\" \/>\r\n\r\n<\/pre>\r\n\r\n\r\n\r\nVorbereitungsspiele 2024 \r\n\r\n\r\n<pre class=\"wp-block-preformatted\">Samstag, 3.2.2024\t13.00 Uhr\r\nK\u00f6nigsbr\u00fcck - TSG Rot-Wei\u00df `90 Kostebrau\t\t\t:\r\n\r\nSamstag, 10.2.2024\t14.00 Uhr\r\nTSG Rot-Wei\u00df `90 Kostebrau \u2013 Vetschau \t\t:\r\n\r\nSonntag, 18.2.2024\t14.00 Uhr\r\nTSG Rot-Wei\u00df `90 Kostebrau \u2013 Annah\u00fctte\t\t\t:\r\n\r\nSonntag, 25.2.2024\t14.00 Uhr\r\nTSG Rot-Wei\u00df `90 Kostebrau - L\u00fcbbenau II\t\t\t\t:\r\n\r\nSamstag, 3.3.2024\t14.00 Uhr\r\nTSG Rot-Wei\u00df `90 Kostebrau \u2013 Sonnewalde\t\t\t:\r\n\r\nSonntag, 9.3.2024\t14.00 Uhr\r\nPokalspiel in Finsterwalde\t\t\t:\r\n\r\nSonntag, 17.3.2024\t14.00 Uhr\r\nNachholspiel in Tettau\r\n\r\n<\/pre>\r\n\r\n<p>&nbsp;<\/p>\r\n\r\n\r\n<strong><span style=\"color: #008080; font-size: 16px;\">Spielplan Fu\u00dfball &#8212;&gt; <\/span><\/strong><a href=\"http:\/\/kostebrau.de\/?page_id=232\"><strong><span style=\"color: #008080;\">Spielplan Fu\u00dfball<\/span><\/strong><\/a>","protected":false},"excerpt":{"rendered":"<p>&nbsp; Aktueller Hinweis\u00a0\u00a0\u00a0\u00a0 &#8212;&#8212;&gt;\u00a0\u00a0\u00a0\u00a0 Start unseres Online-Shops Endlich ist es soweit! Ab sofort verf\u00fcgt unser Verein \u00fcber einen Onlinefanshop, wo Mitglieder und Fans sich mit Fanartikeln und Sportbekleidung ausstatten k\u00f6nnen. Bis zum 24.01.2021 genie\u00dfen alle Mitglieder und Fans bei Eingabe des folgenden Gutscheincodes ein Er\u00f6ffnungsrabatt von 15% auf den Gesamtbetrag. Dazu einfach bei der Bestellung [&hellip;]<\/p>\n","protected":false},"author":1,"featured_media":0,"parent":0,"menu_order":0,"comment_status":"closed","ping_status":"closed","template":"","meta":{"footnotes":""},"class_list":["post-1248","page","type-page","status-publish","hentry","gallery-content-unit"],"_links":{"self":[{"href":"http:\/\/kostebrau.de\/index.php?rest_route=\/wp\/v2\/pages\/1248","targetHints":{"allow":["GET"]}}],"collection":[{"href":"http:\/\/kostebrau.de\/index.php?rest_route=\/wp\/v2\/pages"}],"about":[{"href":"http:\/\/kostebrau.de\/index.php?rest_route=\/wp\/v2\/types\/page"}],"author":[{"embeddable":true,"href":"http:\/\/kostebrau.de\/index.php?rest_route=\/wp\/v2\/users\/1"}],"replies":[{"embeddable":true,"href":"http:\/\/kostebrau.de\/index.php?rest_route=%2Fwp%2Fv2%2Fcomments&post=1248"}],"version-history":[{"count":59,"href":"http:\/\/kostebrau.de\/index.php?rest_route=\/wp\/v2\/pages\/1248\/revisions"}],"predecessor-version":[{"id":5435,"href":"http:\/\/kostebrau.de\/index.php?rest_route=\/wp\/v2\/pages\/1248\/revisions\/5435"}],"wp:attachment":[{"href":"http:\/\/kostebrau.de\/index.php?rest_route=%2Fwp%2Fv2%2Fmedia&parent=1248"}],"curies":[{"name":"wp","href":"https:\/\/api.w.org\/{rel}","templated":true}]}}