{"id":232,"date":"2016-07-14T20:31:32","date_gmt":"2016-07-14T18:31:32","guid":{"rendered":"http:\/\/www.kostebrau.de\/?page_id=232"},"modified":"2024-01-30T18:49:52","modified_gmt":"2024-01-30T17:49:52","slug":"fussball","status":"publish","type":"page","link":"http:\/\/kostebrau.de\/?page_id=232","title":{"rendered":"Fu\u00dfball"},"content":{"rendered":"Vorbereitungsspiele 2024 \r\n\r\n\r\n<pre class=\"wp-block-preformatted\">Samstag, 3.2.2024\t13.00 Uhr\r\nK\u00f6nigsbr\u00fcck - TSG Rot-Wei\u00df `90 Kostebrau\t\t\t:\r\n\r\nSamstag, 10.2.2024\t14.00 Uhr\r\nTSG Rot-Wei\u00df `90 Kostebrau \u2013 Vetschau \t\t:\r\n\r\nSonntag, 18.2.2024\t14.00 Uhr\r\nTSG Rot-Wei\u00df `90 Kostebrau \u2013 Annah\u00fctte\t\t\t:\r\n\r\nSonntag, 25.2.2024\t14.00 Uhr\r\nTSG Rot-Wei\u00df `90 Kostebrau - L\u00fcbbenau II\t\t\t\t:\r\n\r\nSamstag, 3.3.2024\t14.00 Uhr\r\nTSG Rot-Wei\u00df `90 Kostebrau \u2013 Sonnewalde\t\t\t:\r\n\r\nSonntag, 9.3.2024\t14.00 Uhr\r\nPokalspiel in Finsterwalde\t\t\t:\r\n\r\nSonntag, 17.3.2024\t14.00 Uhr\r\nNachholspiel in Tettau\r\n\r\n<\/pre>\r\n\r\n<p>&nbsp;<\/p>","protected":false},"excerpt":{"rendered":"<p>Vorbereitungsspiele 2024 Samstag, 3.2.2024 13.00 Uhr K\u00f6nigsbr\u00fcck &#8211; TSG Rot-Wei\u00df `90 Kostebrau : Samstag, 10.2.2024 14.00 Uhr TSG Rot-Wei\u00df `90 Kostebrau \u2013 Vetschau : Sonntag, 18.2.2024 14.00 Uhr TSG Rot-Wei\u00df `90 Kostebrau \u2013 Annah\u00fctte : Sonntag, 25.2.2024 14.00 Uhr TSG Rot-Wei\u00df `90 Kostebrau &#8211; L\u00fcbbenau II : Samstag, 3.3.2024 14.00 Uhr TSG Rot-Wei\u00df `90 Kostebrau [&hellip;]<\/p>\n","protected":false},"author":1,"featured_media":0,"parent":50,"menu_order":0,"comment_status":"closed","ping_status":"closed","template":"","meta":{"footnotes":""},"class_list":["post-232","page","type-page","status-publish","hentry","gallery-content-unit"],"_links":{"self":[{"href":"http:\/\/kostebrau.de\/index.php?rest_route=\/wp\/v2\/pages\/232","targetHints":{"allow":["GET"]}}],"collection":[{"href":"http:\/\/kostebrau.de\/index.php?rest_route=\/wp\/v2\/pages"}],"about":[{"href":"http:\/\/kostebrau.de\/index.php?rest_route=\/wp\/v2\/types\/page"}],"author":[{"embeddable":true,"href":"http:\/\/kostebrau.de\/index.php?rest_route=\/wp\/v2\/users\/1"}],"replies":[{"embeddable":true,"href":"http:\/\/kostebrau.de\/index.php?rest_route=%2Fwp%2Fv2%2Fcomments&post=232"}],"version-history":[{"count":30,"href":"http:\/\/kostebrau.de\/index.php?rest_route=\/wp\/v2\/pages\/232\/revisions"}],"predecessor-version":[{"id":5420,"href":"http:\/\/kostebrau.de\/index.php?rest_route=\/wp\/v2\/pages\/232\/revisions\/5420"}],"up":[{"embeddable":true,"href":"http:\/\/kostebrau.de\/index.php?rest_route=\/wp\/v2\/pages\/50"}],"wp:attachment":[{"href":"http:\/\/kostebrau.de\/index.php?rest_route=%2Fwp%2Fv2%2Fmedia&parent=232"}],"curies":[{"name":"wp","href":"https:\/\/api.w.org\/{rel}","templated":true}]}}