{"id":3331,"date":"2021-03-18T10:02:51","date_gmt":"2021-03-18T09:02:51","guid":{"rendered":"http:\/\/kostebrau.de\/?page_id=3331"},"modified":"2023-03-24T14:08:40","modified_gmt":"2023-03-24T13:08:40","slug":"rogowicz-ferienwohnung","status":"publish","type":"page","link":"http:\/\/kostebrau.de\/?page_id=3331","title":{"rendered":"Ferienwohnung Holger Rogowicz"},"content":{"rendered":"<pre>\r\n<img loading=\"lazy\" decoding=\"async\" src=\"http:\/\/kostebrau.de\/wp-content\/uploads\/2021\/04\/bild_breit1-1024x546.jpg\" alt=\"\" width=\"1024\" height=\"546\" class=\"alignnone size-large wp-image-3384\" srcset=\"http:\/\/kostebrau.de\/wp-content\/uploads\/2021\/04\/bild_breit1-1024x546.jpg 1024w, http:\/\/kostebrau.de\/wp-content\/uploads\/2021\/04\/bild_breit1-300x160.jpg 300w, http:\/\/kostebrau.de\/wp-content\/uploads\/2021\/04\/bild_breit1-768x410.jpg 768w, http:\/\/kostebrau.de\/wp-content\/uploads\/2021\/04\/bild_breit1-624x333.jpg 624w, http:\/\/kostebrau.de\/wp-content\/uploads\/2021\/04\/bild_breit1.jpg 1500w\" sizes=\"auto, (max-width: 1024px) 100vw, 1024px\" \/>\r\n<span style=\"color: #008080; font-size: 20px;\">\r\n<center>Gute Qualit\u00e4t muss nicht teuer sein<\/center>\r\n<\/span><span style=\"color: #008080; font-size: 16px;\">\r\n<center>Besuchen Sie uns und lassen Sie sich \r\nvon unserem wundersch\u00f6nen Ambiente verzaubern<\/center>\r\n<\/span><span style=\"color: #008080; font-size: 14px;\">\r\n<center>Unsere Nichtraucher-Ferienwohnung bietet Ihnen zwei Schlafzimmer,\r\nein Wohnzimmer, eine K\u00fcche sowie ein Bad.\r\nUnsere Schlafzimmer bestehen aus einem Doppelbett,\r\nzwei Einzelbetten und einem Einzelschlafzimmer.\r\nBei unseren Schlafzimmern sind Aufbettungen auf Anfrage m\u00f6glich.\r\nIm Wohnzimmer steht Ihnen ein TV Ger\u00e4t mit Kabelempfang zur Verf\u00fcgung.\r\nUnsere K\u00fcche ist mit einem Geschirrsp\u00fcler, Herd, K\u00fchlschrank,\r\nKaffeemaschine und Wasserkocher ausger\u00fcstet.\r\nUnser Bad besitzt eine Dusche sowie eine Badewanne und eine Waschmaschine.\r\n\r\nIm gesamten Haus steht Ihnen WLAN zur Verf\u00fcgung.\r\nParkm\u00f6glichkeiten sind ausreichend vorhanden.\r\nF\u00fcr eine \u00dcbernachtung mit Haustieren nutzen Sie bitte unser Kontaktformular.\r\nUnsere Ferienwohnung ist nicht barrierefrei.<\/center>\r\n<\/span>\r\n<span style=\"color: #008080; font-size: 16px;\">\r\n<center>Preise<\/center>\r\n<\/span><span style=\"color: #008080; font-size: 14px;\">\r\n<center>Eine \u00dcbernachtung in unserer Ferienwohnung kostet 25,00 \u20ac pro Person ohne Verpflegung.<\/center>\r\n<\/span><span style=\"color: #008080; font-size: 18px;\">\r\n<center>So lassen Sie den Tag gleich richtig beginnen.<\/center><\/span>\n\t\t<style type=\"text\/css\">\n\t\t\t#gallery-1 {\n\t\t\t\tmargin: auto;\n\t\t\t}\n\t\t\t#gallery-1 .gallery-item {\n\t\t\t\tfloat: left;\n\t\t\t\tmargin-top: 10px;\n\t\t\t\ttext-align: center;\n\t\t\t\twidth: 25%;\n\t\t\t}\n\t\t\t#gallery-1 img {\n\t\t\t\tborder: 2px solid #cfcfcf;\n\t\t\t}\n\t\t\t#gallery-1 .gallery-caption {\n\t\t\t\tmargin-left: 0;\n\t\t\t}\n\t\t\t\/* see gallery_shortcode() in wp-includes\/media.php *\/\n\t\t<\/style>\n\t\t<div id='gallery-1' class='gallery galleryid-3340 gallery-columns-4 gallery-size-thumbnail'><dl class='gallery-item'>\n\t\t\t<dt class='gallery-icon landscape'>\n\t\t\t\t<a href=\"http:\/\/kostebrau.de\/wp-content\/uploads\/2021\/03\/bild1.jpg\" title=\"bild1\" data-description=\"\"><img loading=\"lazy\" decoding=\"async\" width=\"150\" height=\"150\" src=\"http:\/\/kostebrau.de\/wp-content\/uploads\/2021\/03\/bild1-150x150.jpg\" class=\"attachment-thumbnail size-thumbnail\" alt=\"\"><\/a>\n\t\t\t<\/dt><\/dl><dl class='gallery-item'>\n\t\t\t<dt class='gallery-icon landscape'>\n\t\t\t\t<a href=\"http:\/\/kostebrau.de\/wp-content\/uploads\/2021\/03\/bild3.jpg\" title=\"bild3\" data-description=\"\"><img loading=\"lazy\" decoding=\"async\" width=\"150\" height=\"150\" src=\"http:\/\/kostebrau.de\/wp-content\/uploads\/2021\/03\/bild3-150x150.jpg\" class=\"attachment-thumbnail size-thumbnail\" alt=\"\"><\/a>\n\t\t\t<\/dt><\/dl><dl class='gallery-item'>\n\t\t\t<dt class='gallery-icon landscape'>\n\t\t\t\t<a href=\"http:\/\/kostebrau.de\/wp-content\/uploads\/2021\/03\/bild2.jpg\" title=\"bild2\" data-description=\"\"><img loading=\"lazy\" decoding=\"async\" width=\"150\" height=\"150\" src=\"http:\/\/kostebrau.de\/wp-content\/uploads\/2021\/03\/bild2-150x150.jpg\" class=\"attachment-thumbnail size-thumbnail\" alt=\"\"><\/a>\n\t\t\t<\/dt><\/dl><dl class='gallery-item'>\n\t\t\t<dt class='gallery-icon landscape'>\n\t\t\t\t<a href=\"http:\/\/kostebrau.de\/wp-content\/uploads\/2021\/03\/bild4.jpg\" title=\"bild4\" data-description=\"\"><img loading=\"lazy\" decoding=\"async\" width=\"150\" height=\"150\" src=\"http:\/\/kostebrau.de\/wp-content\/uploads\/2021\/03\/bild4-150x150.jpg\" class=\"attachment-thumbnail size-thumbnail\" alt=\"\"><\/a>\n\t\t\t<\/dt><\/dl><br style=\"clear: both\" \/>\n\t\t<\/div>\n\r\n<span style=\"color: #008080; font-size: 14px;\">\r\nFriedrichsthal 12\r\n01979 Lauchhammer\r\nGermany  \r\n   \r\n<strong>Tel.:<\/strong> +49 172 5323 660\r\n<strong>E-Mail: <\/strong><a href=\"mailto:holgerrogowicz@yahoo.de.de\">holgerrogowicz@yahoo.de<\/a> \r\n<\/span>\r\n\r\n<\/pre>\n","protected":false},"excerpt":{"rendered":"<p>Gute Qualit\u00e4t muss nicht teuer sein Besuchen Sie uns und lassen Sie sich von unserem wundersch\u00f6nen Ambiente verzaubern Unsere Nichtraucher-Ferienwohnung bietet Ihnen zwei Schlafzimmer, ein Wohnzimmer, eine K\u00fcche sowie ein Bad. Unsere Schlafzimmer bestehen aus einem Doppelbett, zwei Einzelbetten und einem Einzelschlafzimmer. Bei unseren Schlafzimmern sind Aufbettungen auf Anfrage m\u00f6glich. Im Wohnzimmer steht Ihnen ein [&hellip;]<\/p>\n","protected":false},"author":1,"featured_media":0,"parent":0,"menu_order":0,"comment_status":"closed","ping_status":"closed","template":"","meta":{"footnotes":""},"class_list":["post-3331","page","type-page","status-publish","hentry","gallery-content-unit"],"_links":{"self":[{"href":"http:\/\/kostebrau.de\/index.php?rest_route=\/wp\/v2\/pages\/3331","targetHints":{"allow":["GET"]}}],"collection":[{"href":"http:\/\/kostebrau.de\/index.php?rest_route=\/wp\/v2\/pages"}],"about":[{"href":"http:\/\/kostebrau.de\/index.php?rest_route=\/wp\/v2\/types\/page"}],"author":[{"embeddable":true,"href":"http:\/\/kostebrau.de\/index.php?rest_route=\/wp\/v2\/users\/1"}],"replies":[{"embeddable":true,"href":"http:\/\/kostebrau.de\/index.php?rest_route=%2Fwp%2Fv2%2Fcomments&post=3331"}],"version-history":[{"count":28,"href":"http:\/\/kostebrau.de\/index.php?rest_route=\/wp\/v2\/pages\/3331\/revisions"}],"predecessor-version":[{"id":4753,"href":"http:\/\/kostebrau.de\/index.php?rest_route=\/wp\/v2\/pages\/3331\/revisions\/4753"}],"wp:attachment":[{"href":"http:\/\/kostebrau.de\/index.php?rest_route=%2Fwp%2Fv2%2Fmedia&parent=3331"}],"curies":[{"name":"wp","href":"https:\/\/api.w.org\/{rel}","templated":true}]}}