{"id":969,"date":"2019-03-19T22:52:32","date_gmt":"2019-03-19T21:52:32","guid":{"rendered":"http:\/\/kostebrau.de\/?page_id=969"},"modified":"2021-04-13T21:02:24","modified_gmt":"2021-04-13T19:02:24","slug":"unternehmen-2","status":"publish","type":"page","link":"http:\/\/kostebrau.de\/?page_id=969","title":{"rendered":"Unternehmen"},"content":{"rendered":"\r\n<pre class=\"wp-block-preformatted\"><strong><span style=\"color: #008080; font-size:16px;\">Rogowicz Transporte<\/span><\/strong>\r\n<strong>Adresse:<\/strong> Friedrichsthal 12, 01979 Kostebrau\r\n<strong>Tel.  :<\/strong> (03574) 867933\r\n<strong>Fax.  :<\/strong> (03574) 460 1939\r\n<strong>mobil :<\/strong> 0172 532 3660\r\n<strong>E-Mail: <\/strong><a href=\"mailto:kontakt@rogowicz.de\">kontakt@rogowicz.de<\/a> \r\n<strong>Mehr Infos\/Website: <\/strong><a href=\"http:\/\/www.rogowicz.de\/\" target=\"_blank\" rel=\"noopener noreferrer\">http:\/\/www.rogowicz.de\/<\/a>\r\n\r\n<strong><span style=\"color: #008080; font-size:16px;\">Coal Trade Richter GmbH <\/span><\/strong>\r\n<strong>Adresse:<\/strong> Wischgrundstra\u00dfe 10, 01979 Lauchhammer OT Kostebrau\r\n<strong>Tel.  :<\/strong> (03574) 86406\r\n<strong>Fax   :<\/strong> (03574) 460015\r\n<strong>E-Mail: <\/strong><a href=\"mailto:info@ctr-brennstoffhandel.de\">info@ctr-brennstoffhandel.de<\/a> \r\n<strong>Mehr Infos\/Website: <\/strong><a href=\"https:\/\/ctr-brennstoffhandel.de\/\" target=\"_blank\" rel=\"noopener noreferrer\">https:\/\/ctr-brennstoffhandel.de\/<\/a>\r\n\r\n<strong><span style=\"color: #008080; font-size:16px;\">Ing.B\u00fcro-vogler<\/span><\/strong>\r\n<strong>Adresse:<\/strong> R\u00f6merkellerstra\u00dfe 20, 01979 Lauchhammer OT Kostebrau\r\n-energie- und versorgungstechnik-\r\nPlanungen der Seethermie, W\u00e4rme-u.K\u00e4lteanlagen, \r\nSicherheitslabore S4, L4, \r\nORC-Anlagen, Rohrstatik\r\n&nbsp;\r\n<\/pre>\r\n","protected":false},"excerpt":{"rendered":"<p>Rogowicz Transporte Adresse: Friedrichsthal 12, 01979 Kostebrau Tel. : (03574) 867933 Fax. : (03574) 460 1939 mobil : 0172 532 3660 E-Mail: kontakt@rogowicz.de Mehr Infos\/Website: http:\/\/www.rogowicz.de\/ Coal Trade Richter GmbH Adresse: Wischgrundstra\u00dfe 10, 01979 Lauchhammer OT Kostebrau Tel. : (03574) 86406 Fax : (03574) 460015 E-Mail: info@ctr-brennstoffhandel.de Mehr Infos\/Website: https:\/\/ctr-brennstoffhandel.de\/ Ing.B\u00fcro-vogler Adresse: R\u00f6merkellerstra\u00dfe 20, 01979 [&hellip;]<\/p>\n","protected":false},"author":1,"featured_media":0,"parent":0,"menu_order":0,"comment_status":"closed","ping_status":"closed","template":"","meta":{"footnotes":""},"class_list":["post-969","page","type-page","status-publish","hentry","gallery-content-unit"],"_links":{"self":[{"href":"http:\/\/kostebrau.de\/index.php?rest_route=\/wp\/v2\/pages\/969","targetHints":{"allow":["GET"]}}],"collection":[{"href":"http:\/\/kostebrau.de\/index.php?rest_route=\/wp\/v2\/pages"}],"about":[{"href":"http:\/\/kostebrau.de\/index.php?rest_route=\/wp\/v2\/types\/page"}],"author":[{"embeddable":true,"href":"http:\/\/kostebrau.de\/index.php?rest_route=\/wp\/v2\/users\/1"}],"replies":[{"embeddable":true,"href":"http:\/\/kostebrau.de\/index.php?rest_route=%2Fwp%2Fv2%2Fcomments&post=969"}],"version-history":[{"count":7,"href":"http:\/\/kostebrau.de\/index.php?rest_route=\/wp\/v2\/pages\/969\/revisions"}],"predecessor-version":[{"id":3420,"href":"http:\/\/kostebrau.de\/index.php?rest_route=\/wp\/v2\/pages\/969\/revisions\/3420"}],"wp:attachment":[{"href":"http:\/\/kostebrau.de\/index.php?rest_route=%2Fwp%2Fv2%2Fmedia&parent=969"}],"curies":[{"name":"wp","href":"https:\/\/api.w.org\/{rel}","templated":true}]}}